{"id":1799,"date":"2025-08-26T23:39:56","date_gmt":"2025-08-26T21:39:56","guid":{"rendered":"https:\/\/www.lesquatrevents.ch\/cart\/"},"modified":"2025-10-29T10:25:43","modified_gmt":"2025-10-29T09:25:43","slug":"cart","status":"publish","type":"page","link":"https:\/\/www.lesquatrevents.ch\/en\/cart\/","title":{"rendered":"Cart"},"content":{"rendered":"\t\t<div data-elementor-type=\"wp-page\" data-elementor-id=\"1799\" class=\"elementor elementor-1799 elementor-39\" data-elementor-post-type=\"page\">\n\t\t\t\t<div class=\"elementor-element elementor-element-c1b6e26 e-flex e-con-boxed e-con e-parent\" data-id=\"c1b6e26\" data-element_type=\"container\" data-settings=\"{&quot;background_background&quot;:&quot;classic&quot;}\">\n\t\t\t\t\t<div class=\"e-con-inner\">\n\t\t\t\t\t<\/div>\n\t\t\t\t<\/div>\n\t\t<div class=\"elementor-element elementor-element-065920b e-flex e-con-boxed e-con e-parent\" data-id=\"065920b\" data-element_type=\"container\">\n\t\t\t\t\t<div class=\"e-con-inner\">\n\t\t\t\t<div class=\"elementor-element elementor-element-0991ff2 elementor-widget elementor-widget-heading\" data-id=\"0991ff2\" data-element_type=\"widget\" data-widget_type=\"heading.default\">\n\t\t\t\t\t<h2 class=\"elementor-heading-title elementor-size-default\">Cart<\/h2>\t\t\t\t<\/div>\n\t\t\t\t<div class=\"elementor-element elementor-element-4664449 elementor-widget-divider--view-line elementor-widget elementor-widget-divider\" data-id=\"4664449\" data-element_type=\"widget\" data-widget_type=\"divider.default\">\n\t\t\t\t\t\t\t<div class=\"elementor-divider\">\n\t\t\t<span class=\"elementor-divider-separator\">\n\t\t\t\t\t\t<\/span>\n\t\t<\/div>\n\t\t\t\t\t\t<\/div>\n\t\t\t\t\t<\/div>\n\t\t\t\t<\/div>\n\t\t<div class=\"elementor-element elementor-element-6ad2967 e-flex e-con-boxed e-con e-parent\" data-id=\"6ad2967\" data-element_type=\"container\">\n\t\t\t\t\t<div class=\"e-con-inner\">\n\t\t\t\t\t<\/div>\n\t\t\t\t<\/div>\n\t\t\t\t<\/div>\n\t\t","protected":false},"excerpt":{"rendered":"<p>Cart You must order at least 6 bottles to validate your order. You currently have 1. Supprimer l\u2019\u00e9l\u00e9ment Miniature Produit Prix Quantit\u00e9 Sous-total &times; Pinot Noir &#8211; 70cl &#67;&#72;&#70;14.00 quantit\u00e9 [&hellip;]<\/p>\n","protected":false},"author":1,"featured_media":0,"parent":0,"menu_order":0,"comment_status":"closed","ping_status":"closed","template":"","meta":{"footnotes":""},"class_list":["post-1799","page","type-page","status-publish","hentry"],"yoast_head":"<!-- This site is optimized with the Yoast SEO plugin v25.8 - https:\/\/yoast.com\/wordpress\/plugins\/seo\/ -->\n<title>Cart - Quatre Vents<\/title>\n<meta name=\"robots\" content=\"index, follow, max-snippet:-1, max-image-preview:large, max-video-preview:-1\" \/>\n<link rel=\"canonical\" href=\"https:\/\/www.lesquatrevents.ch\/en\/cart\/\" \/>\n<meta property=\"og:locale\" content=\"en_US\" \/>\n<meta property=\"og:type\" content=\"article\" \/>\n<meta property=\"og:title\" content=\"Cart - Quatre Vents\" \/>\n<meta property=\"og:description\" content=\"Cart You must order at least 6 bottles to validate your order. You currently have 1. Supprimer l\u2019\u00e9l\u00e9ment Miniature Produit Prix Quantit\u00e9 Sous-total &times; Pinot Noir &#8211; 70cl &#067;&#072;&#070;14.00 quantit\u00e9 [&hellip;]\" \/>\n<meta property=\"og:url\" content=\"https:\/\/www.lesquatrevents.ch\/en\/cart\/\" \/>\n<meta property=\"og:site_name\" content=\"Quatre Vents\" \/>\n<meta property=\"article:publisher\" content=\"https:\/\/www.facebook.com\/domaine.desquatrevents\" \/>\n<meta property=\"article:modified_time\" content=\"2025-10-29T09:25:43+00:00\" \/>\n<meta property=\"og:image\" content=\"https:\/\/www.lesquatrevents.ch\/wp-content\/uploads\/2025\/08\/Pinot-Noir-400x600.jpg\" \/>\n<meta name=\"twitter:card\" content=\"summary_large_image\" \/>\n<meta name=\"twitter:label1\" content=\"Est. reading time\" \/>\n\t<meta name=\"twitter:data1\" content=\"1 minute\" \/>\n<script type=\"application\/ld+json\" class=\"yoast-schema-graph\">{\"@context\":\"https:\/\/schema.org\",\"@graph\":[{\"@type\":\"WebPage\",\"@id\":\"https:\/\/www.lesquatrevents.ch\/en\/cart\/\",\"url\":\"https:\/\/www.lesquatrevents.ch\/en\/cart\/\",\"name\":\"Cart - Quatre Vents\",\"isPartOf\":{\"@id\":\"https:\/\/www.lesquatrevents.ch\/en\/#website\"},\"primaryImageOfPage\":{\"@id\":\"https:\/\/www.lesquatrevents.ch\/en\/cart\/#primaryimage\"},\"image\":{\"@id\":\"https:\/\/www.lesquatrevents.ch\/en\/cart\/#primaryimage\"},\"thumbnailUrl\":\"https:\/\/www.lesquatrevents.ch\/wp-content\/uploads\/2025\/08\/Pinot-Noir-400x600.jpg\",\"datePublished\":\"2025-08-26T21:39:56+00:00\",\"dateModified\":\"2025-10-29T09:25:43+00:00\",\"breadcrumb\":{\"@id\":\"https:\/\/www.lesquatrevents.ch\/en\/cart\/#breadcrumb\"},\"inLanguage\":\"en-US\",\"potentialAction\":[{\"@type\":\"ReadAction\",\"target\":[\"https:\/\/www.lesquatrevents.ch\/en\/cart\/\"]}]},{\"@type\":\"ImageObject\",\"inLanguage\":\"en-US\",\"@id\":\"https:\/\/www.lesquatrevents.ch\/en\/cart\/#primaryimage\",\"url\":\"https:\/\/www.lesquatrevents.ch\/wp-content\/uploads\/2025\/08\/Pinot-Noir-400x600.jpg\",\"contentUrl\":\"https:\/\/www.lesquatrevents.ch\/wp-content\/uploads\/2025\/08\/Pinot-Noir-400x600.jpg\"},{\"@type\":\"BreadcrumbList\",\"@id\":\"https:\/\/www.lesquatrevents.ch\/en\/cart\/#breadcrumb\",\"itemListElement\":[{\"@type\":\"ListItem\",\"position\":1,\"name\":\"Accueil\",\"item\":\"https:\/\/www.lesquatrevents.ch\/en\/\"},{\"@type\":\"ListItem\",\"position\":2,\"name\":\"Cart\"}]},{\"@type\":\"WebSite\",\"@id\":\"https:\/\/www.lesquatrevents.ch\/en\/#website\",\"url\":\"https:\/\/www.lesquatrevents.ch\/en\/\",\"name\":\"Quatre Vents\",\"description\":\"Domaine viticole\",\"publisher\":{\"@id\":\"https:\/\/www.lesquatrevents.ch\/en\/#organization\"},\"potentialAction\":[{\"@type\":\"SearchAction\",\"target\":{\"@type\":\"EntryPoint\",\"urlTemplate\":\"https:\/\/www.lesquatrevents.ch\/en\/?s={search_term_string}\"},\"query-input\":{\"@type\":\"PropertyValueSpecification\",\"valueRequired\":true,\"valueName\":\"search_term_string\"}}],\"inLanguage\":\"en-US\"},{\"@type\":\"Organization\",\"@id\":\"https:\/\/www.lesquatrevents.ch\/en\/#organization\",\"name\":\"Quatre Vents\",\"url\":\"https:\/\/www.lesquatrevents.ch\/en\/\",\"logo\":{\"@type\":\"ImageObject\",\"inLanguage\":\"en-US\",\"@id\":\"https:\/\/www.lesquatrevents.ch\/en\/#\/schema\/logo\/image\/\",\"url\":\"https:\/\/www.lesquatrevents.ch\/wp-content\/uploads\/2017\/11\/logo.png\",\"contentUrl\":\"https:\/\/www.lesquatrevents.ch\/wp-content\/uploads\/2017\/11\/logo.png\",\"width\":2572,\"height\":834,\"caption\":\"Quatre Vents\"},\"image\":{\"@id\":\"https:\/\/www.lesquatrevents.ch\/en\/#\/schema\/logo\/image\/\"},\"sameAs\":[\"https:\/\/www.facebook.com\/domaine.desquatrevents\"]}]}<\/script>\n<!-- \/ Yoast SEO plugin. -->","yoast_head_json":{"title":"Cart - Quatre Vents","robots":{"index":"index","follow":"follow","max-snippet":"max-snippet:-1","max-image-preview":"max-image-preview:large","max-video-preview":"max-video-preview:-1"},"canonical":"https:\/\/www.lesquatrevents.ch\/en\/cart\/","og_locale":"en_US","og_type":"article","og_title":"Cart - Quatre Vents","og_description":"Cart You must order at least 6 bottles to validate your order. You currently have 1. Supprimer l\u2019\u00e9l\u00e9ment Miniature Produit Prix Quantit\u00e9 Sous-total &times; Pinot Noir &#8211; 70cl &#67;&#72;&#70;14.00 quantit\u00e9 [&hellip;]","og_url":"https:\/\/www.lesquatrevents.ch\/en\/cart\/","og_site_name":"Quatre Vents","article_publisher":"https:\/\/www.facebook.com\/domaine.desquatrevents","article_modified_time":"2025-10-29T09:25:43+00:00","og_image":[{"url":"https:\/\/www.lesquatrevents.ch\/wp-content\/uploads\/2025\/08\/Pinot-Noir-400x600.jpg","type":"","width":"","height":""}],"twitter_card":"summary_large_image","twitter_misc":{"Est. reading time":"1 minute"},"schema":{"@context":"https:\/\/schema.org","@graph":[{"@type":"WebPage","@id":"https:\/\/www.lesquatrevents.ch\/en\/cart\/","url":"https:\/\/www.lesquatrevents.ch\/en\/cart\/","name":"Cart - Quatre Vents","isPartOf":{"@id":"https:\/\/www.lesquatrevents.ch\/en\/#website"},"primaryImageOfPage":{"@id":"https:\/\/www.lesquatrevents.ch\/en\/cart\/#primaryimage"},"image":{"@id":"https:\/\/www.lesquatrevents.ch\/en\/cart\/#primaryimage"},"thumbnailUrl":"https:\/\/www.lesquatrevents.ch\/wp-content\/uploads\/2025\/08\/Pinot-Noir-400x600.jpg","datePublished":"2025-08-26T21:39:56+00:00","dateModified":"2025-10-29T09:25:43+00:00","breadcrumb":{"@id":"https:\/\/www.lesquatrevents.ch\/en\/cart\/#breadcrumb"},"inLanguage":"en-US","potentialAction":[{"@type":"ReadAction","target":["https:\/\/www.lesquatrevents.ch\/en\/cart\/"]}]},{"@type":"ImageObject","inLanguage":"en-US","@id":"https:\/\/www.lesquatrevents.ch\/en\/cart\/#primaryimage","url":"https:\/\/www.lesquatrevents.ch\/wp-content\/uploads\/2025\/08\/Pinot-Noir-400x600.jpg","contentUrl":"https:\/\/www.lesquatrevents.ch\/wp-content\/uploads\/2025\/08\/Pinot-Noir-400x600.jpg"},{"@type":"BreadcrumbList","@id":"https:\/\/www.lesquatrevents.ch\/en\/cart\/#breadcrumb","itemListElement":[{"@type":"ListItem","position":1,"name":"Accueil","item":"https:\/\/www.lesquatrevents.ch\/en\/"},{"@type":"ListItem","position":2,"name":"Cart"}]},{"@type":"WebSite","@id":"https:\/\/www.lesquatrevents.ch\/en\/#website","url":"https:\/\/www.lesquatrevents.ch\/en\/","name":"Quatre Vents","description":"Domaine viticole","publisher":{"@id":"https:\/\/www.lesquatrevents.ch\/en\/#organization"},"potentialAction":[{"@type":"SearchAction","target":{"@type":"EntryPoint","urlTemplate":"https:\/\/www.lesquatrevents.ch\/en\/?s={search_term_string}"},"query-input":{"@type":"PropertyValueSpecification","valueRequired":true,"valueName":"search_term_string"}}],"inLanguage":"en-US"},{"@type":"Organization","@id":"https:\/\/www.lesquatrevents.ch\/en\/#organization","name":"Quatre Vents","url":"https:\/\/www.lesquatrevents.ch\/en\/","logo":{"@type":"ImageObject","inLanguage":"en-US","@id":"https:\/\/www.lesquatrevents.ch\/en\/#\/schema\/logo\/image\/","url":"https:\/\/www.lesquatrevents.ch\/wp-content\/uploads\/2017\/11\/logo.png","contentUrl":"https:\/\/www.lesquatrevents.ch\/wp-content\/uploads\/2017\/11\/logo.png","width":2572,"height":834,"caption":"Quatre Vents"},"image":{"@id":"https:\/\/www.lesquatrevents.ch\/en\/#\/schema\/logo\/image\/"},"sameAs":["https:\/\/www.facebook.com\/domaine.desquatrevents"]}]}},"_links":{"self":[{"href":"https:\/\/www.lesquatrevents.ch\/en\/wp-json\/wp\/v2\/pages\/1799","targetHints":{"allow":["GET"]}}],"collection":[{"href":"https:\/\/www.lesquatrevents.ch\/en\/wp-json\/wp\/v2\/pages"}],"about":[{"href":"https:\/\/www.lesquatrevents.ch\/en\/wp-json\/wp\/v2\/types\/page"}],"author":[{"embeddable":true,"href":"https:\/\/www.lesquatrevents.ch\/en\/wp-json\/wp\/v2\/users\/1"}],"replies":[{"embeddable":true,"href":"https:\/\/www.lesquatrevents.ch\/en\/wp-json\/wp\/v2\/comments?post=1799"}],"version-history":[{"count":5,"href":"https:\/\/www.lesquatrevents.ch\/en\/wp-json\/wp\/v2\/pages\/1799\/revisions"}],"predecessor-version":[{"id":1932,"href":"https:\/\/www.lesquatrevents.ch\/en\/wp-json\/wp\/v2\/pages\/1799\/revisions\/1932"}],"wp:attachment":[{"href":"https:\/\/www.lesquatrevents.ch\/en\/wp-json\/wp\/v2\/media?parent=1799"}],"curies":[{"name":"wp","href":"https:\/\/api.w.org\/{rel}","templated":true}]}}